{"id":1926,"date":"2026-04-07T15:44:16","date_gmt":"2026-04-07T15:44:16","guid":{"rendered":"https:\/\/esmarats.com\/product\/nova-emma\/"},"modified":"2026-04-10T10:25:21","modified_gmt":"2026-04-10T10:25:21","slug":"nova-emma","status":"publish","type":"product","link":"https:\/\/esmarats.com\/es\/producto\/nova-emma\/","title":{"rendered":"NOVA Emma"},"content":{"rendered":"<div class=\"text-base my-auto mx-auto [--thread-content-margin:var(--thread-content-margin-xs,calc(var(--spacing)*4))] @w-sm\/main:[--thread-content-margin:var(--thread-content-margin-sm,calc(var(--spacing)*6))] @w-lg\/main:[--thread-content-margin:var(--thread-content-margin-lg,calc(var(--spacing)*16))] px-(--thread-content-margin)\">\n<div class=\"[--thread-content-max-width:40rem] @w-lg\/main:[--thread-content-max-width:48rem] mx-auto max-w-(--thread-content-max-width) flex-1 group\/turn-messages focus-visible:outline-hidden relative flex w-full min-w-0 flex-col agent-turn\">\n<div class=\"flex max-w-full flex-col gap-4 grow\">\n<div class=\"min-h-8 text-message relative flex w-full flex-col items-end gap-2 text-start break-words whitespace-normal outline-none keyboard-focused:focus-ring [.text-message+&amp;]:mt-1\" dir=\"auto\" data-message-author-role=\"assistant\" data-message-id=\"673a21ee-e52e-49a0-9b99-1fa5ccab3b3c\" data-message-model-slug=\"gpt-5-3\">\n<div class=\"flex w-full flex-col gap-1 empty:hidden\">\n<div class=\"markdown prose dark:prose-invert w-full wrap-break-word light markdown-new-styling\">\n<p data-start=\"0\" data-end=\"384\" data-is-last-node=\"\" data-is-only-node=\"\">Los pendientes NOVA Emma aportan ligereza y movimiento con un dise\u00f1o delicado y fluido. Su forma estilizada, creada mediante la t\u00e9cnica sincl\u00e1stica, ofrece un sutil equilibrio entre presencia y discreci\u00f3n. Su cierre de gancho abierto las hace especialmente c\u00f3modas y naturales de llevar. Dise\u00f1adas para mujeres que encuentran fuerza en la simplicidad y elegancia en lo esencial.<\/p>\n<div class=\"flex flex-col text-sm pb-25\">\n<section class=\"text-token-text-primary w-full focus:outline-none [--shadow-height:45px] has-data-writing-block:pointer-events-none has-data-writing-block:-mt-(--shadow-height) has-data-writing-block:pt-(--shadow-height) [&amp;:has([data-writing-block])&gt;*]:pointer-events-auto scroll-mt-[calc(var(--header-height)+min(200px,max(70px,20svh)))]\" dir=\"auto\" data-turn-id=\"request-WEB:4f98a8cf-a2f4-4442-ab97-2a5c377b8d2b-3\" data-testid=\"conversation-turn-8\" data-scroll-anchor=\"true\" data-turn=\"assistant\">\n<div class=\"text-base my-auto mx-auto pb-10 [--thread-content-margin:var(--thread-content-margin-xs,calc(var(--spacing)*4))] @w-sm\/main:[--thread-content-margin:var(--thread-content-margin-sm,calc(var(--spacing)*6))] @w-lg\/main:[--thread-content-margin:var(--thread-content-margin-lg,calc(var(--spacing)*16))] px-(--thread-content-margin)\">\n<div class=\"[--thread-content-max-width:40rem] @w-lg\/main:[--thread-content-max-width:48rem] mx-auto max-w-(--thread-content-max-width) flex-1 group\/turn-messages focus-visible:outline-hidden relative flex w-full min-w-0 flex-col agent-turn\">\n<div class=\"z-0 flex min-h-[46px] justify-start\"><\/div>\n<div class=\"mt-3 w-full empty:hidden\">\n<div class=\"text-center\"><\/div>\n<\/div>\n<\/div>\n<\/div>\n<\/section>\n<\/div>\n<div class=\"pointer-events-none h-px w-px absolute bottom-0\" aria-hidden=\"true\" data-edge=\"true\"><\/div>\n<\/div>\n<\/div>\n<\/div>\n<\/div>\n<div class=\"z-0 flex min-h-[46px] justify-start\"><\/div>\n<\/div>\n<\/div>\n","protected":false},"excerpt":{"rendered":"<p>Los pendientes NOVA Emma aportan ligereza y movimiento con un dise\u00f1o delicado y fluido. Su forma estilizada, creada mediante la t\u00e9cnica sincl\u00e1stica, ofrece un sutil equilibrio entre presencia y discreci\u00f3n. Su cierre de gancho abierto las hace especialmente c\u00f3modas y naturales de llevar. Dise\u00f1adas para mujeres que encuentran fuerza en la simplicidad y elegancia en [&hellip;]<\/p>\n","protected":false},"featured_media":1927,"template":"","meta":{"_acf_changed":false},"product_brand":[],"product_cat":[61],"class_list":{"0":"post-1926","1":"product","2":"type-product","3":"status-publish","4":"has-post-thumbnail","6":"product_cat-pendientes","7":"product_tag-nova","9":"first","10":"instock","11":"taxable","12":"shipping-taxable","13":"purchasable","14":"product-type-simple"},"acf":[],"yoast_head":"<!-- This site is optimized with the Yoast SEO plugin v27.0 - https:\/\/yoast.com\/product\/yoast-seo-wordpress\/ -->\n<title>NOVA Emma - Esmarats Jewellery<\/title>\n<meta name=\"robots\" content=\"index, follow, max-snippet:-1, max-image-preview:large, max-video-preview:-1\" \/>\n<link rel=\"canonical\" href=\"https:\/\/esmarats.com\/es\/producto\/nova-emma\/\" \/>\n<meta property=\"og:locale\" content=\"es_ES\" \/>\n<meta property=\"og:type\" content=\"article\" \/>\n<meta property=\"og:title\" content=\"NOVA Emma - Esmarats Jewellery\" \/>\n<meta property=\"og:description\" content=\"Los pendientes NOVA Emma aportan ligereza y movimiento con un dise\u00f1o delicado y fluido. Su forma estilizada, creada mediante la t\u00e9cnica sincl\u00e1stica, ofrece un sutil equilibrio entre presencia y discreci\u00f3n. Su cierre de gancho abierto las hace especialmente c\u00f3modas y naturales de llevar. Dise\u00f1adas para mujeres que encuentran fuerza en la simplicidad y elegancia en [&hellip;]\" \/>\n<meta property=\"og:url\" content=\"https:\/\/esmarats.com\/es\/producto\/nova-emma\/\" \/>\n<meta property=\"og:site_name\" content=\"Esmarats Jewellery\" \/>\n<meta property=\"article:modified_time\" content=\"2026-04-10T10:25:21+00:00\" \/>\n<meta property=\"og:image\" content=\"https:\/\/esmarats.com\/wp-content\/uploads\/2026\/04\/NOVA-emma-1-1-scaled.jpg\" \/>\n\t<meta property=\"og:image:width\" content=\"1706\" \/>\n\t<meta property=\"og:image:height\" content=\"2560\" \/>\n\t<meta property=\"og:image:type\" content=\"image\/jpeg\" \/>\n<meta name=\"twitter:card\" content=\"summary_large_image\" \/>\n<meta name=\"twitter:label1\" content=\"Tiempo de lectura\" \/>\n\t<meta name=\"twitter:data1\" content=\"1 minuto\" \/>\n<script type=\"application\/ld+json\" class=\"yoast-schema-graph\">{\"@context\":\"https:\/\/schema.org\",\"@graph\":[{\"@type\":\"WebPage\",\"@id\":\"https:\/\/esmarats.com\/es\/producto\/nova-emma\/\",\"url\":\"https:\/\/esmarats.com\/es\/producto\/nova-emma\/\",\"name\":\"NOVA Emma - Esmarats Jewellery\",\"isPartOf\":{\"@id\":\"https:\/\/esmarats.com\/#website\"},\"primaryImageOfPage\":{\"@id\":\"https:\/\/esmarats.com\/es\/producto\/nova-emma\/#primaryimage\"},\"image\":{\"@id\":\"https:\/\/esmarats.com\/es\/producto\/nova-emma\/#primaryimage\"},\"thumbnailUrl\":\"https:\/\/esmarats.com\/wp-content\/uploads\/2026\/04\/NOVA-emma-1-1-scaled.jpg\",\"datePublished\":\"2026-04-07T15:44:16+00:00\",\"dateModified\":\"2026-04-10T10:25:21+00:00\",\"breadcrumb\":{\"@id\":\"https:\/\/esmarats.com\/es\/producto\/nova-emma\/#breadcrumb\"},\"inLanguage\":\"es\",\"potentialAction\":[{\"@type\":\"ReadAction\",\"target\":[\"https:\/\/esmarats.com\/es\/producto\/nova-emma\/\"]}]},{\"@type\":\"ImageObject\",\"inLanguage\":\"es\",\"@id\":\"https:\/\/esmarats.com\/es\/producto\/nova-emma\/#primaryimage\",\"url\":\"https:\/\/esmarats.com\/wp-content\/uploads\/2026\/04\/NOVA-emma-1-1-scaled.jpg\",\"contentUrl\":\"https:\/\/esmarats.com\/wp-content\/uploads\/2026\/04\/NOVA-emma-1-1-scaled.jpg\",\"width\":1706,\"height\":2560},{\"@type\":\"BreadcrumbList\",\"@id\":\"https:\/\/esmarats.com\/es\/producto\/nova-emma\/#breadcrumb\",\"itemListElement\":[{\"@type\":\"ListItem\",\"position\":1,\"name\":\"Inici\",\"item\":\"https:\/\/esmarats.com\/es\/\"},{\"@type\":\"ListItem\",\"position\":2,\"name\":\"Tienda\",\"item\":\"https:\/\/esmarats.com\/tienda\/\"},{\"@type\":\"ListItem\",\"position\":3,\"name\":\"NOVA Emma\"}]},{\"@type\":\"WebSite\",\"@id\":\"https:\/\/esmarats.com\/#website\",\"url\":\"https:\/\/esmarats.com\/\",\"name\":\"Esmarats Jewellery\",\"description\":\"\",\"potentialAction\":[{\"@type\":\"SearchAction\",\"target\":{\"@type\":\"EntryPoint\",\"urlTemplate\":\"https:\/\/esmarats.com\/?s={search_term_string}\"},\"query-input\":{\"@type\":\"PropertyValueSpecification\",\"valueRequired\":true,\"valueName\":\"search_term_string\"}}],\"inLanguage\":\"es\"}]}<\/script>\n<!-- \/ Yoast SEO plugin. -->","yoast_head_json":{"title":"NOVA Emma - Esmarats Jewellery","robots":{"index":"index","follow":"follow","max-snippet":"max-snippet:-1","max-image-preview":"max-image-preview:large","max-video-preview":"max-video-preview:-1"},"canonical":"https:\/\/esmarats.com\/es\/producto\/nova-emma\/","og_locale":"es_ES","og_type":"article","og_title":"NOVA Emma - Esmarats Jewellery","og_description":"Los pendientes NOVA Emma aportan ligereza y movimiento con un dise\u00f1o delicado y fluido. Su forma estilizada, creada mediante la t\u00e9cnica sincl\u00e1stica, ofrece un sutil equilibrio entre presencia y discreci\u00f3n. Su cierre de gancho abierto las hace especialmente c\u00f3modas y naturales de llevar. Dise\u00f1adas para mujeres que encuentran fuerza en la simplicidad y elegancia en [&hellip;]","og_url":"https:\/\/esmarats.com\/es\/producto\/nova-emma\/","og_site_name":"Esmarats Jewellery","article_modified_time":"2026-04-10T10:25:21+00:00","og_image":[{"width":1706,"height":2560,"url":"https:\/\/esmarats.com\/wp-content\/uploads\/2026\/04\/NOVA-emma-1-1-scaled.jpg","type":"image\/jpeg"}],"twitter_card":"summary_large_image","twitter_misc":{"Tiempo de lectura":"1 minuto"},"schema":{"@context":"https:\/\/schema.org","@graph":[{"@type":"WebPage","@id":"https:\/\/esmarats.com\/es\/producto\/nova-emma\/","url":"https:\/\/esmarats.com\/es\/producto\/nova-emma\/","name":"NOVA Emma - Esmarats Jewellery","isPartOf":{"@id":"https:\/\/esmarats.com\/#website"},"primaryImageOfPage":{"@id":"https:\/\/esmarats.com\/es\/producto\/nova-emma\/#primaryimage"},"image":{"@id":"https:\/\/esmarats.com\/es\/producto\/nova-emma\/#primaryimage"},"thumbnailUrl":"https:\/\/esmarats.com\/wp-content\/uploads\/2026\/04\/NOVA-emma-1-1-scaled.jpg","datePublished":"2026-04-07T15:44:16+00:00","dateModified":"2026-04-10T10:25:21+00:00","breadcrumb":{"@id":"https:\/\/esmarats.com\/es\/producto\/nova-emma\/#breadcrumb"},"inLanguage":"es","potentialAction":[{"@type":"ReadAction","target":["https:\/\/esmarats.com\/es\/producto\/nova-emma\/"]}]},{"@type":"ImageObject","inLanguage":"es","@id":"https:\/\/esmarats.com\/es\/producto\/nova-emma\/#primaryimage","url":"https:\/\/esmarats.com\/wp-content\/uploads\/2026\/04\/NOVA-emma-1-1-scaled.jpg","contentUrl":"https:\/\/esmarats.com\/wp-content\/uploads\/2026\/04\/NOVA-emma-1-1-scaled.jpg","width":1706,"height":2560},{"@type":"BreadcrumbList","@id":"https:\/\/esmarats.com\/es\/producto\/nova-emma\/#breadcrumb","itemListElement":[{"@type":"ListItem","position":1,"name":"Inici","item":"https:\/\/esmarats.com\/es\/"},{"@type":"ListItem","position":2,"name":"Tienda","item":"https:\/\/esmarats.com\/tienda\/"},{"@type":"ListItem","position":3,"name":"NOVA Emma"}]},{"@type":"WebSite","@id":"https:\/\/esmarats.com\/#website","url":"https:\/\/esmarats.com\/","name":"Esmarats Jewellery","description":"","potentialAction":[{"@type":"SearchAction","target":{"@type":"EntryPoint","urlTemplate":"https:\/\/esmarats.com\/?s={search_term_string}"},"query-input":{"@type":"PropertyValueSpecification","valueRequired":true,"valueName":"search_term_string"}}],"inLanguage":"es"}]}},"_links":{"self":[{"href":"https:\/\/esmarats.com\/es\/wp-json\/wp\/v2\/product\/1926","targetHints":{"allow":["GET"]}}],"collection":[{"href":"https:\/\/esmarats.com\/es\/wp-json\/wp\/v2\/product"}],"about":[{"href":"https:\/\/esmarats.com\/es\/wp-json\/wp\/v2\/types\/product"}],"wp:featuredmedia":[{"embeddable":true,"href":"https:\/\/esmarats.com\/es\/wp-json\/wp\/v2\/media\/1927"}],"wp:attachment":[{"href":"https:\/\/esmarats.com\/es\/wp-json\/wp\/v2\/media?parent=1926"}],"wp:term":[{"taxonomy":"product_brand","embeddable":true,"href":"https:\/\/esmarats.com\/es\/wp-json\/wp\/v2\/product_brand?post=1926"},{"taxonomy":"product_cat","embeddable":true,"href":"https:\/\/esmarats.com\/es\/wp-json\/wp\/v2\/product_cat?post=1926"}],"curies":[{"name":"wp","href":"https:\/\/api.w.org\/{rel}","templated":true}]}}