{"id":1949,"date":"2025-07-29T16:47:04","date_gmt":"2025-07-29T16:47:04","guid":{"rendered":"https:\/\/esmarats.com\/product\/nova-idun\/"},"modified":"2026-04-10T10:46:37","modified_gmt":"2026-04-10T10:46:37","slug":"nova-idun","status":"publish","type":"product","link":"https:\/\/esmarats.com\/es\/producto\/nova-idun\/","title":{"rendered":"NOVA Idun"},"content":{"rendered":"<p>Los pendientes NOVA Idun aportan volumen y suavidad con un dise\u00f1o redondeado y equilibrado. Su forma recogida, trabajada con la t\u00e9cnica del sincl\u00e1stico, los hace c\u00f3modos y distintivos. Pensados para mujeres que valoran lo esencial y no necesitan demostrar nada a nadie.<\/p>\n","protected":false},"excerpt":{"rendered":"<p>Los pendientes NOVA Idun aportan volumen y suavidad con un dise\u00f1o redondeado y equilibrado. Su forma recogida, trabajada con la t\u00e9cnica del sincl\u00e1stico, los hace c\u00f3modos y distintivos. Pensados para mujeres que valoran lo esencial y no necesitan demostrar nada a nadie.<\/p>\n","protected":false},"featured_media":1950,"template":"","meta":{"_acf_changed":false},"product_brand":[],"product_cat":[61],"class_list":{"0":"post-1949","1":"product","2":"type-product","3":"status-publish","4":"has-post-thumbnail","6":"product_cat-pendientes","7":"product_tag-nova","9":"first","10":"instock","11":"taxable","12":"shipping-taxable","13":"purchasable","14":"product-type-simple"},"acf":[],"yoast_head":"<!-- This site is optimized with the Yoast SEO plugin v27.0 - https:\/\/yoast.com\/product\/yoast-seo-wordpress\/ -->\n<title>NOVA Idun - Esmarats Jewellery<\/title>\n<meta name=\"robots\" content=\"index, follow, max-snippet:-1, max-image-preview:large, max-video-preview:-1\" \/>\n<link rel=\"canonical\" href=\"https:\/\/esmarats.com\/es\/producto\/nova-idun\/\" \/>\n<meta property=\"og:locale\" content=\"es_ES\" \/>\n<meta property=\"og:type\" content=\"article\" \/>\n<meta property=\"og:title\" content=\"NOVA Idun - Esmarats Jewellery\" \/>\n<meta property=\"og:description\" content=\"Los pendientes NOVA Idun aportan volumen y suavidad con un dise\u00f1o redondeado y equilibrado. Su forma recogida, trabajada con la t\u00e9cnica del sincl\u00e1stico, los hace c\u00f3modos y distintivos. Pensados para mujeres que valoran lo esencial y no necesitan demostrar nada a nadie.\" \/>\n<meta property=\"og:url\" content=\"https:\/\/esmarats.com\/es\/producto\/nova-idun\/\" \/>\n<meta property=\"og:site_name\" content=\"Esmarats Jewellery\" \/>\n<meta property=\"article:modified_time\" content=\"2026-04-10T10:46:37+00:00\" \/>\n<meta property=\"og:image\" content=\"https:\/\/esmarats.com\/wp-content\/uploads\/2025\/07\/ESMARATS-JEWELLERY25292-scaled.jpg\" \/>\n\t<meta property=\"og:image:width\" content=\"1706\" \/>\n\t<meta property=\"og:image:height\" content=\"2560\" \/>\n\t<meta property=\"og:image:type\" content=\"image\/jpeg\" \/>\n<meta name=\"twitter:card\" content=\"summary_large_image\" \/>\n<meta name=\"twitter:label1\" content=\"Tiempo de lectura\" \/>\n\t<meta name=\"twitter:data1\" content=\"1 minuto\" \/>\n<script type=\"application\/ld+json\" class=\"yoast-schema-graph\">{\"@context\":\"https:\/\/schema.org\",\"@graph\":[{\"@type\":\"WebPage\",\"@id\":\"https:\/\/esmarats.com\/es\/producto\/nova-idun\/\",\"url\":\"https:\/\/esmarats.com\/es\/producto\/nova-idun\/\",\"name\":\"NOVA Idun - Esmarats Jewellery\",\"isPartOf\":{\"@id\":\"https:\/\/esmarats.com\/#website\"},\"primaryImageOfPage\":{\"@id\":\"https:\/\/esmarats.com\/es\/producto\/nova-idun\/#primaryimage\"},\"image\":{\"@id\":\"https:\/\/esmarats.com\/es\/producto\/nova-idun\/#primaryimage\"},\"thumbnailUrl\":\"https:\/\/esmarats.com\/wp-content\/uploads\/2025\/07\/ESMARATS-JEWELLERY25292-scaled.jpg\",\"datePublished\":\"2025-07-29T16:47:04+00:00\",\"dateModified\":\"2026-04-10T10:46:37+00:00\",\"breadcrumb\":{\"@id\":\"https:\/\/esmarats.com\/es\/producto\/nova-idun\/#breadcrumb\"},\"inLanguage\":\"es\",\"potentialAction\":[{\"@type\":\"ReadAction\",\"target\":[\"https:\/\/esmarats.com\/es\/producto\/nova-idun\/\"]}]},{\"@type\":\"ImageObject\",\"inLanguage\":\"es\",\"@id\":\"https:\/\/esmarats.com\/es\/producto\/nova-idun\/#primaryimage\",\"url\":\"https:\/\/esmarats.com\/wp-content\/uploads\/2025\/07\/ESMARATS-JEWELLERY25292-scaled.jpg\",\"contentUrl\":\"https:\/\/esmarats.com\/wp-content\/uploads\/2025\/07\/ESMARATS-JEWELLERY25292-scaled.jpg\",\"width\":1706,\"height\":2560,\"caption\":\"NOVA Idun\"},{\"@type\":\"BreadcrumbList\",\"@id\":\"https:\/\/esmarats.com\/es\/producto\/nova-idun\/#breadcrumb\",\"itemListElement\":[{\"@type\":\"ListItem\",\"position\":1,\"name\":\"Inici\",\"item\":\"https:\/\/esmarats.com\/es\/\"},{\"@type\":\"ListItem\",\"position\":2,\"name\":\"Tienda\",\"item\":\"https:\/\/esmarats.com\/tienda\/\"},{\"@type\":\"ListItem\",\"position\":3,\"name\":\"NOVA Idun\"}]},{\"@type\":\"WebSite\",\"@id\":\"https:\/\/esmarats.com\/#website\",\"url\":\"https:\/\/esmarats.com\/\",\"name\":\"Esmarats Jewellery\",\"description\":\"\",\"potentialAction\":[{\"@type\":\"SearchAction\",\"target\":{\"@type\":\"EntryPoint\",\"urlTemplate\":\"https:\/\/esmarats.com\/?s={search_term_string}\"},\"query-input\":{\"@type\":\"PropertyValueSpecification\",\"valueRequired\":true,\"valueName\":\"search_term_string\"}}],\"inLanguage\":\"es\"}]}<\/script>\n<!-- \/ Yoast SEO plugin. -->","yoast_head_json":{"title":"NOVA Idun - Esmarats Jewellery","robots":{"index":"index","follow":"follow","max-snippet":"max-snippet:-1","max-image-preview":"max-image-preview:large","max-video-preview":"max-video-preview:-1"},"canonical":"https:\/\/esmarats.com\/es\/producto\/nova-idun\/","og_locale":"es_ES","og_type":"article","og_title":"NOVA Idun - Esmarats Jewellery","og_description":"Los pendientes NOVA Idun aportan volumen y suavidad con un dise\u00f1o redondeado y equilibrado. Su forma recogida, trabajada con la t\u00e9cnica del sincl\u00e1stico, los hace c\u00f3modos y distintivos. Pensados para mujeres que valoran lo esencial y no necesitan demostrar nada a nadie.","og_url":"https:\/\/esmarats.com\/es\/producto\/nova-idun\/","og_site_name":"Esmarats Jewellery","article_modified_time":"2026-04-10T10:46:37+00:00","og_image":[{"width":1706,"height":2560,"url":"https:\/\/esmarats.com\/wp-content\/uploads\/2025\/07\/ESMARATS-JEWELLERY25292-scaled.jpg","type":"image\/jpeg"}],"twitter_card":"summary_large_image","twitter_misc":{"Tiempo de lectura":"1 minuto"},"schema":{"@context":"https:\/\/schema.org","@graph":[{"@type":"WebPage","@id":"https:\/\/esmarats.com\/es\/producto\/nova-idun\/","url":"https:\/\/esmarats.com\/es\/producto\/nova-idun\/","name":"NOVA Idun - Esmarats Jewellery","isPartOf":{"@id":"https:\/\/esmarats.com\/#website"},"primaryImageOfPage":{"@id":"https:\/\/esmarats.com\/es\/producto\/nova-idun\/#primaryimage"},"image":{"@id":"https:\/\/esmarats.com\/es\/producto\/nova-idun\/#primaryimage"},"thumbnailUrl":"https:\/\/esmarats.com\/wp-content\/uploads\/2025\/07\/ESMARATS-JEWELLERY25292-scaled.jpg","datePublished":"2025-07-29T16:47:04+00:00","dateModified":"2026-04-10T10:46:37+00:00","breadcrumb":{"@id":"https:\/\/esmarats.com\/es\/producto\/nova-idun\/#breadcrumb"},"inLanguage":"es","potentialAction":[{"@type":"ReadAction","target":["https:\/\/esmarats.com\/es\/producto\/nova-idun\/"]}]},{"@type":"ImageObject","inLanguage":"es","@id":"https:\/\/esmarats.com\/es\/producto\/nova-idun\/#primaryimage","url":"https:\/\/esmarats.com\/wp-content\/uploads\/2025\/07\/ESMARATS-JEWELLERY25292-scaled.jpg","contentUrl":"https:\/\/esmarats.com\/wp-content\/uploads\/2025\/07\/ESMARATS-JEWELLERY25292-scaled.jpg","width":1706,"height":2560,"caption":"NOVA Idun"},{"@type":"BreadcrumbList","@id":"https:\/\/esmarats.com\/es\/producto\/nova-idun\/#breadcrumb","itemListElement":[{"@type":"ListItem","position":1,"name":"Inici","item":"https:\/\/esmarats.com\/es\/"},{"@type":"ListItem","position":2,"name":"Tienda","item":"https:\/\/esmarats.com\/tienda\/"},{"@type":"ListItem","position":3,"name":"NOVA Idun"}]},{"@type":"WebSite","@id":"https:\/\/esmarats.com\/#website","url":"https:\/\/esmarats.com\/","name":"Esmarats Jewellery","description":"","potentialAction":[{"@type":"SearchAction","target":{"@type":"EntryPoint","urlTemplate":"https:\/\/esmarats.com\/?s={search_term_string}"},"query-input":{"@type":"PropertyValueSpecification","valueRequired":true,"valueName":"search_term_string"}}],"inLanguage":"es"}]}},"_links":{"self":[{"href":"https:\/\/esmarats.com\/es\/wp-json\/wp\/v2\/product\/1949","targetHints":{"allow":["GET"]}}],"collection":[{"href":"https:\/\/esmarats.com\/es\/wp-json\/wp\/v2\/product"}],"about":[{"href":"https:\/\/esmarats.com\/es\/wp-json\/wp\/v2\/types\/product"}],"wp:featuredmedia":[{"embeddable":true,"href":"https:\/\/esmarats.com\/es\/wp-json\/wp\/v2\/media\/1950"}],"wp:attachment":[{"href":"https:\/\/esmarats.com\/es\/wp-json\/wp\/v2\/media?parent=1949"}],"wp:term":[{"taxonomy":"product_brand","embeddable":true,"href":"https:\/\/esmarats.com\/es\/wp-json\/wp\/v2\/product_brand?post=1949"},{"taxonomy":"product_cat","embeddable":true,"href":"https:\/\/esmarats.com\/es\/wp-json\/wp\/v2\/product_cat?post=1949"}],"curies":[{"name":"wp","href":"https:\/\/api.w.org\/{rel}","templated":true}]}}