{"id":1962,"date":"2025-07-29T16:27:26","date_gmt":"2025-07-29T16:27:26","guid":{"rendered":"https:\/\/esmarats.com\/product\/solstice-liv\/"},"modified":"2026-04-10T10:56:56","modified_gmt":"2026-04-10T10:56:56","slug":"solstice-liv","status":"publish","type":"product","link":"https:\/\/esmarats.com\/es\/producto\/solstice-liv\/","title":{"rendered":"SOLSTICE Liv"},"content":{"rendered":"<p>El colgante SOLSTICE Liv representa el equilibrio entre quietud y movimiento. Con una forma elegante y limpia, trabajado con la t\u00e9cnica del anticl\u00e1stico, la plata adquiere una curva suave que recuerda el recorrido del sol en el cielo. Una pieza serena y vers\u00e1til que acompa\u00f1a cualquier momento del d\u00eda. Pensado para mujeres que viven con plenitud cada etapa de su camino.<\/p>\n","protected":false},"excerpt":{"rendered":"<p>El colgante SOLSTICE Liv representa el equilibrio entre quietud y movimiento. Con una forma elegante y limpia, trabajado con la t\u00e9cnica del anticl\u00e1stico, la plata adquiere una curva suave que recuerda el recorrido del sol en el cielo. Una pieza serena y vers\u00e1til que acompa\u00f1a cualquier momento del d\u00eda. Pensado para mujeres que viven con [&hellip;]<\/p>\n","protected":false},"featured_media":1963,"template":"","meta":{"_acf_changed":false},"product_brand":[],"product_cat":[64],"class_list":{"0":"post-1962","1":"product","2":"type-product","3":"status-publish","4":"has-post-thumbnail","6":"product_cat-colgante","7":"product_tag-solstice","9":"first","10":"instock","11":"taxable","12":"shipping-taxable","13":"purchasable","14":"product-type-variable"},"acf":[],"yoast_head":"<!-- This site is optimized with the Yoast SEO plugin v27.0 - https:\/\/yoast.com\/product\/yoast-seo-wordpress\/ -->\n<title>SOLSTICE Liv - Esmarats Jewellery<\/title>\n<meta name=\"robots\" content=\"index, follow, max-snippet:-1, max-image-preview:large, max-video-preview:-1\" \/>\n<link rel=\"canonical\" href=\"https:\/\/esmarats.com\/es\/producto\/solstice-liv\/\" \/>\n<meta property=\"og:locale\" content=\"es_ES\" \/>\n<meta property=\"og:type\" content=\"article\" \/>\n<meta property=\"og:title\" content=\"SOLSTICE Liv - Esmarats Jewellery\" \/>\n<meta property=\"og:description\" content=\"El colgante SOLSTICE Liv representa el equilibrio entre quietud y movimiento. Con una forma elegante y limpia, trabajado con la t\u00e9cnica del anticl\u00e1stico, la plata adquiere una curva suave que recuerda el recorrido del sol en el cielo. Una pieza serena y vers\u00e1til que acompa\u00f1a cualquier momento del d\u00eda. Pensado para mujeres que viven con [&hellip;]\" \/>\n<meta property=\"og:url\" content=\"https:\/\/esmarats.com\/es\/producto\/solstice-liv\/\" \/>\n<meta property=\"og:site_name\" content=\"Esmarats Jewellery\" \/>\n<meta property=\"article:modified_time\" content=\"2026-04-10T10:56:56+00:00\" \/>\n<meta property=\"og:image\" content=\"https:\/\/esmarats.com\/wp-content\/uploads\/2025\/07\/ESMARATS-JEWELLERY25264-scaled.jpg\" \/>\n\t<meta property=\"og:image:width\" content=\"1707\" \/>\n\t<meta property=\"og:image:height\" content=\"2560\" \/>\n\t<meta property=\"og:image:type\" content=\"image\/jpeg\" \/>\n<meta name=\"twitter:card\" content=\"summary_large_image\" \/>\n<meta name=\"twitter:label1\" content=\"Tiempo de lectura\" \/>\n\t<meta name=\"twitter:data1\" content=\"1 minuto\" \/>\n<script type=\"application\/ld+json\" class=\"yoast-schema-graph\">{\"@context\":\"https:\/\/schema.org\",\"@graph\":[{\"@type\":\"WebPage\",\"@id\":\"https:\/\/esmarats.com\/es\/producto\/solstice-liv\/\",\"url\":\"https:\/\/esmarats.com\/es\/producto\/solstice-liv\/\",\"name\":\"SOLSTICE Liv - Esmarats Jewellery\",\"isPartOf\":{\"@id\":\"https:\/\/esmarats.com\/#website\"},\"primaryImageOfPage\":{\"@id\":\"https:\/\/esmarats.com\/es\/producto\/solstice-liv\/#primaryimage\"},\"image\":{\"@id\":\"https:\/\/esmarats.com\/es\/producto\/solstice-liv\/#primaryimage\"},\"thumbnailUrl\":\"https:\/\/esmarats.com\/wp-content\/uploads\/2025\/07\/ESMARATS-JEWELLERY25264-scaled.jpg\",\"datePublished\":\"2025-07-29T16:27:26+00:00\",\"dateModified\":\"2026-04-10T10:56:56+00:00\",\"breadcrumb\":{\"@id\":\"https:\/\/esmarats.com\/es\/producto\/solstice-liv\/#breadcrumb\"},\"inLanguage\":\"es\",\"potentialAction\":[{\"@type\":\"ReadAction\",\"target\":[\"https:\/\/esmarats.com\/es\/producto\/solstice-liv\/\"]}]},{\"@type\":\"ImageObject\",\"inLanguage\":\"es\",\"@id\":\"https:\/\/esmarats.com\/es\/producto\/solstice-liv\/#primaryimage\",\"url\":\"https:\/\/esmarats.com\/wp-content\/uploads\/2025\/07\/ESMARATS-JEWELLERY25264-scaled.jpg\",\"contentUrl\":\"https:\/\/esmarats.com\/wp-content\/uploads\/2025\/07\/ESMARATS-JEWELLERY25264-scaled.jpg\",\"width\":1707,\"height\":2560,\"caption\":\"SOLSTICE Liv\"},{\"@type\":\"BreadcrumbList\",\"@id\":\"https:\/\/esmarats.com\/es\/producto\/solstice-liv\/#breadcrumb\",\"itemListElement\":[{\"@type\":\"ListItem\",\"position\":1,\"name\":\"Inici\",\"item\":\"https:\/\/esmarats.com\/es\/\"},{\"@type\":\"ListItem\",\"position\":2,\"name\":\"Tienda\",\"item\":\"https:\/\/esmarats.com\/tienda\/\"},{\"@type\":\"ListItem\",\"position\":3,\"name\":\"SOLSTICE Liv\"}]},{\"@type\":\"WebSite\",\"@id\":\"https:\/\/esmarats.com\/#website\",\"url\":\"https:\/\/esmarats.com\/\",\"name\":\"Esmarats Jewellery\",\"description\":\"\",\"potentialAction\":[{\"@type\":\"SearchAction\",\"target\":{\"@type\":\"EntryPoint\",\"urlTemplate\":\"https:\/\/esmarats.com\/?s={search_term_string}\"},\"query-input\":{\"@type\":\"PropertyValueSpecification\",\"valueRequired\":true,\"valueName\":\"search_term_string\"}}],\"inLanguage\":\"es\"}]}<\/script>\n<!-- \/ Yoast SEO plugin. -->","yoast_head_json":{"title":"SOLSTICE Liv - Esmarats Jewellery","robots":{"index":"index","follow":"follow","max-snippet":"max-snippet:-1","max-image-preview":"max-image-preview:large","max-video-preview":"max-video-preview:-1"},"canonical":"https:\/\/esmarats.com\/es\/producto\/solstice-liv\/","og_locale":"es_ES","og_type":"article","og_title":"SOLSTICE Liv - Esmarats Jewellery","og_description":"El colgante SOLSTICE Liv representa el equilibrio entre quietud y movimiento. Con una forma elegante y limpia, trabajado con la t\u00e9cnica del anticl\u00e1stico, la plata adquiere una curva suave que recuerda el recorrido del sol en el cielo. Una pieza serena y vers\u00e1til que acompa\u00f1a cualquier momento del d\u00eda. Pensado para mujeres que viven con [&hellip;]","og_url":"https:\/\/esmarats.com\/es\/producto\/solstice-liv\/","og_site_name":"Esmarats Jewellery","article_modified_time":"2026-04-10T10:56:56+00:00","og_image":[{"width":1707,"height":2560,"url":"https:\/\/esmarats.com\/wp-content\/uploads\/2025\/07\/ESMARATS-JEWELLERY25264-scaled.jpg","type":"image\/jpeg"}],"twitter_card":"summary_large_image","twitter_misc":{"Tiempo de lectura":"1 minuto"},"schema":{"@context":"https:\/\/schema.org","@graph":[{"@type":"WebPage","@id":"https:\/\/esmarats.com\/es\/producto\/solstice-liv\/","url":"https:\/\/esmarats.com\/es\/producto\/solstice-liv\/","name":"SOLSTICE Liv - Esmarats Jewellery","isPartOf":{"@id":"https:\/\/esmarats.com\/#website"},"primaryImageOfPage":{"@id":"https:\/\/esmarats.com\/es\/producto\/solstice-liv\/#primaryimage"},"image":{"@id":"https:\/\/esmarats.com\/es\/producto\/solstice-liv\/#primaryimage"},"thumbnailUrl":"https:\/\/esmarats.com\/wp-content\/uploads\/2025\/07\/ESMARATS-JEWELLERY25264-scaled.jpg","datePublished":"2025-07-29T16:27:26+00:00","dateModified":"2026-04-10T10:56:56+00:00","breadcrumb":{"@id":"https:\/\/esmarats.com\/es\/producto\/solstice-liv\/#breadcrumb"},"inLanguage":"es","potentialAction":[{"@type":"ReadAction","target":["https:\/\/esmarats.com\/es\/producto\/solstice-liv\/"]}]},{"@type":"ImageObject","inLanguage":"es","@id":"https:\/\/esmarats.com\/es\/producto\/solstice-liv\/#primaryimage","url":"https:\/\/esmarats.com\/wp-content\/uploads\/2025\/07\/ESMARATS-JEWELLERY25264-scaled.jpg","contentUrl":"https:\/\/esmarats.com\/wp-content\/uploads\/2025\/07\/ESMARATS-JEWELLERY25264-scaled.jpg","width":1707,"height":2560,"caption":"SOLSTICE Liv"},{"@type":"BreadcrumbList","@id":"https:\/\/esmarats.com\/es\/producto\/solstice-liv\/#breadcrumb","itemListElement":[{"@type":"ListItem","position":1,"name":"Inici","item":"https:\/\/esmarats.com\/es\/"},{"@type":"ListItem","position":2,"name":"Tienda","item":"https:\/\/esmarats.com\/tienda\/"},{"@type":"ListItem","position":3,"name":"SOLSTICE Liv"}]},{"@type":"WebSite","@id":"https:\/\/esmarats.com\/#website","url":"https:\/\/esmarats.com\/","name":"Esmarats Jewellery","description":"","potentialAction":[{"@type":"SearchAction","target":{"@type":"EntryPoint","urlTemplate":"https:\/\/esmarats.com\/?s={search_term_string}"},"query-input":{"@type":"PropertyValueSpecification","valueRequired":true,"valueName":"search_term_string"}}],"inLanguage":"es"}]}},"_links":{"self":[{"href":"https:\/\/esmarats.com\/es\/wp-json\/wp\/v2\/product\/1962","targetHints":{"allow":["GET"]}}],"collection":[{"href":"https:\/\/esmarats.com\/es\/wp-json\/wp\/v2\/product"}],"about":[{"href":"https:\/\/esmarats.com\/es\/wp-json\/wp\/v2\/types\/product"}],"wp:featuredmedia":[{"embeddable":true,"href":"https:\/\/esmarats.com\/es\/wp-json\/wp\/v2\/media\/1963"}],"wp:attachment":[{"href":"https:\/\/esmarats.com\/es\/wp-json\/wp\/v2\/media?parent=1962"}],"wp:term":[{"taxonomy":"product_brand","embeddable":true,"href":"https:\/\/esmarats.com\/es\/wp-json\/wp\/v2\/product_brand?post=1962"},{"taxonomy":"product_cat","embeddable":true,"href":"https:\/\/esmarats.com\/es\/wp-json\/wp\/v2\/product_cat?post=1962"}],"curies":[{"name":"wp","href":"https:\/\/api.w.org\/{rel}","templated":true}]}}