{"id":1969,"date":"2025-07-29T15:44:56","date_gmt":"2025-07-29T15:44:56","guid":{"rendered":"https:\/\/esmarats.com\/product\/vivid-freja\/"},"modified":"2026-04-10T10:58:18","modified_gmt":"2026-04-10T10:58:18","slug":"vivid-freja","status":"publish","type":"product","link":"https:\/\/esmarats.com\/es\/producto\/vivid-freja\/","title":{"rendered":"VIVID Freja"},"content":{"rendered":"<p>Una expresi\u00f3n pura de vitalidad en forma de colgante. El colgante VIVID Freja, con sus curvas org\u00e1nicas y minimalistas, abraza tu energ\u00eda y la refleja con una elegancia serena. Trabajado con la t\u00e9cnica del anticl\u00e1stico, la plata fluye en formas que evocan movimiento y libertad, invit\u00e1ndote a llevar tu fuerza con estilo y ligereza. Pensado para mujeres que se mueven con autenticidad.<\/p>\n","protected":false},"excerpt":{"rendered":"<p>Una expresi\u00f3n pura de vitalidad en forma de colgante. El colgante VIVID Freja, con sus curvas org\u00e1nicas y minimalistas, abraza tu energ\u00eda y la refleja con una elegancia serena. Trabajado con la t\u00e9cnica del anticl\u00e1stico, la plata fluye en formas que evocan movimiento y libertad, invit\u00e1ndote a llevar tu fuerza con estilo y ligereza. Pensado [&hellip;]<\/p>\n","protected":false},"featured_media":1970,"template":"","meta":{"_acf_changed":false},"product_brand":[],"product_cat":[64],"class_list":{"0":"post-1969","1":"product","2":"type-product","3":"status-publish","4":"has-post-thumbnail","6":"product_cat-colgante","7":"product_tag-vivid","9":"first","10":"instock","11":"featured","12":"taxable","13":"shipping-taxable","14":"purchasable","15":"product-type-variable"},"acf":[],"yoast_head":"<!-- This site is optimized with the Yoast SEO plugin v27.0 - https:\/\/yoast.com\/product\/yoast-seo-wordpress\/ -->\n<title>VIVID Freja - Esmarats Jewellery<\/title>\n<meta name=\"robots\" content=\"index, follow, max-snippet:-1, max-image-preview:large, max-video-preview:-1\" \/>\n<link rel=\"canonical\" href=\"https:\/\/esmarats.com\/es\/producto\/vivid-freja\/\" \/>\n<meta property=\"og:locale\" content=\"es_ES\" \/>\n<meta property=\"og:type\" content=\"article\" \/>\n<meta property=\"og:title\" content=\"VIVID Freja - Esmarats Jewellery\" \/>\n<meta property=\"og:description\" content=\"Una expresi\u00f3n pura de vitalidad en forma de colgante. El colgante VIVID Freja, con sus curvas org\u00e1nicas y minimalistas, abraza tu energ\u00eda y la refleja con una elegancia serena. Trabajado con la t\u00e9cnica del anticl\u00e1stico, la plata fluye en formas que evocan movimiento y libertad, invit\u00e1ndote a llevar tu fuerza con estilo y ligereza. Pensado [&hellip;]\" \/>\n<meta property=\"og:url\" content=\"https:\/\/esmarats.com\/es\/producto\/vivid-freja\/\" \/>\n<meta property=\"og:site_name\" content=\"Esmarats Jewellery\" \/>\n<meta property=\"article:modified_time\" content=\"2026-04-10T10:58:18+00:00\" \/>\n<meta property=\"og:image\" content=\"https:\/\/esmarats.com\/wp-content\/uploads\/2025\/07\/ESMARATS-JEWELLERY25273-scaled.jpg\" \/>\n\t<meta property=\"og:image:width\" content=\"1707\" \/>\n\t<meta property=\"og:image:height\" content=\"2560\" \/>\n\t<meta property=\"og:image:type\" content=\"image\/jpeg\" \/>\n<meta name=\"twitter:card\" content=\"summary_large_image\" \/>\n<meta name=\"twitter:label1\" content=\"Tiempo de lectura\" \/>\n\t<meta name=\"twitter:data1\" content=\"1 minuto\" \/>\n<script type=\"application\/ld+json\" class=\"yoast-schema-graph\">{\"@context\":\"https:\/\/schema.org\",\"@graph\":[{\"@type\":\"WebPage\",\"@id\":\"https:\/\/esmarats.com\/es\/producto\/vivid-freja\/\",\"url\":\"https:\/\/esmarats.com\/es\/producto\/vivid-freja\/\",\"name\":\"VIVID Freja - Esmarats Jewellery\",\"isPartOf\":{\"@id\":\"https:\/\/esmarats.com\/#website\"},\"primaryImageOfPage\":{\"@id\":\"https:\/\/esmarats.com\/es\/producto\/vivid-freja\/#primaryimage\"},\"image\":{\"@id\":\"https:\/\/esmarats.com\/es\/producto\/vivid-freja\/#primaryimage\"},\"thumbnailUrl\":\"https:\/\/esmarats.com\/wp-content\/uploads\/2025\/07\/ESMARATS-JEWELLERY25273-scaled.jpg\",\"datePublished\":\"2025-07-29T15:44:56+00:00\",\"dateModified\":\"2026-04-10T10:58:18+00:00\",\"breadcrumb\":{\"@id\":\"https:\/\/esmarats.com\/es\/producto\/vivid-freja\/#breadcrumb\"},\"inLanguage\":\"es\",\"potentialAction\":[{\"@type\":\"ReadAction\",\"target\":[\"https:\/\/esmarats.com\/es\/producto\/vivid-freja\/\"]}]},{\"@type\":\"ImageObject\",\"inLanguage\":\"es\",\"@id\":\"https:\/\/esmarats.com\/es\/producto\/vivid-freja\/#primaryimage\",\"url\":\"https:\/\/esmarats.com\/wp-content\/uploads\/2025\/07\/ESMARATS-JEWELLERY25273-scaled.jpg\",\"contentUrl\":\"https:\/\/esmarats.com\/wp-content\/uploads\/2025\/07\/ESMARATS-JEWELLERY25273-scaled.jpg\",\"width\":1707,\"height\":2560,\"caption\":\"VIVID Freja\"},{\"@type\":\"BreadcrumbList\",\"@id\":\"https:\/\/esmarats.com\/es\/producto\/vivid-freja\/#breadcrumb\",\"itemListElement\":[{\"@type\":\"ListItem\",\"position\":1,\"name\":\"Inici\",\"item\":\"https:\/\/esmarats.com\/es\/\"},{\"@type\":\"ListItem\",\"position\":2,\"name\":\"Tienda\",\"item\":\"https:\/\/esmarats.com\/tienda\/\"},{\"@type\":\"ListItem\",\"position\":3,\"name\":\"VIVID Freja\"}]},{\"@type\":\"WebSite\",\"@id\":\"https:\/\/esmarats.com\/#website\",\"url\":\"https:\/\/esmarats.com\/\",\"name\":\"Esmarats Jewellery\",\"description\":\"\",\"potentialAction\":[{\"@type\":\"SearchAction\",\"target\":{\"@type\":\"EntryPoint\",\"urlTemplate\":\"https:\/\/esmarats.com\/?s={search_term_string}\"},\"query-input\":{\"@type\":\"PropertyValueSpecification\",\"valueRequired\":true,\"valueName\":\"search_term_string\"}}],\"inLanguage\":\"es\"}]}<\/script>\n<!-- \/ Yoast SEO plugin. -->","yoast_head_json":{"title":"VIVID Freja - Esmarats Jewellery","robots":{"index":"index","follow":"follow","max-snippet":"max-snippet:-1","max-image-preview":"max-image-preview:large","max-video-preview":"max-video-preview:-1"},"canonical":"https:\/\/esmarats.com\/es\/producto\/vivid-freja\/","og_locale":"es_ES","og_type":"article","og_title":"VIVID Freja - Esmarats Jewellery","og_description":"Una expresi\u00f3n pura de vitalidad en forma de colgante. El colgante VIVID Freja, con sus curvas org\u00e1nicas y minimalistas, abraza tu energ\u00eda y la refleja con una elegancia serena. Trabajado con la t\u00e9cnica del anticl\u00e1stico, la plata fluye en formas que evocan movimiento y libertad, invit\u00e1ndote a llevar tu fuerza con estilo y ligereza. Pensado [&hellip;]","og_url":"https:\/\/esmarats.com\/es\/producto\/vivid-freja\/","og_site_name":"Esmarats Jewellery","article_modified_time":"2026-04-10T10:58:18+00:00","og_image":[{"width":1707,"height":2560,"url":"https:\/\/esmarats.com\/wp-content\/uploads\/2025\/07\/ESMARATS-JEWELLERY25273-scaled.jpg","type":"image\/jpeg"}],"twitter_card":"summary_large_image","twitter_misc":{"Tiempo de lectura":"1 minuto"},"schema":{"@context":"https:\/\/schema.org","@graph":[{"@type":"WebPage","@id":"https:\/\/esmarats.com\/es\/producto\/vivid-freja\/","url":"https:\/\/esmarats.com\/es\/producto\/vivid-freja\/","name":"VIVID Freja - Esmarats Jewellery","isPartOf":{"@id":"https:\/\/esmarats.com\/#website"},"primaryImageOfPage":{"@id":"https:\/\/esmarats.com\/es\/producto\/vivid-freja\/#primaryimage"},"image":{"@id":"https:\/\/esmarats.com\/es\/producto\/vivid-freja\/#primaryimage"},"thumbnailUrl":"https:\/\/esmarats.com\/wp-content\/uploads\/2025\/07\/ESMARATS-JEWELLERY25273-scaled.jpg","datePublished":"2025-07-29T15:44:56+00:00","dateModified":"2026-04-10T10:58:18+00:00","breadcrumb":{"@id":"https:\/\/esmarats.com\/es\/producto\/vivid-freja\/#breadcrumb"},"inLanguage":"es","potentialAction":[{"@type":"ReadAction","target":["https:\/\/esmarats.com\/es\/producto\/vivid-freja\/"]}]},{"@type":"ImageObject","inLanguage":"es","@id":"https:\/\/esmarats.com\/es\/producto\/vivid-freja\/#primaryimage","url":"https:\/\/esmarats.com\/wp-content\/uploads\/2025\/07\/ESMARATS-JEWELLERY25273-scaled.jpg","contentUrl":"https:\/\/esmarats.com\/wp-content\/uploads\/2025\/07\/ESMARATS-JEWELLERY25273-scaled.jpg","width":1707,"height":2560,"caption":"VIVID Freja"},{"@type":"BreadcrumbList","@id":"https:\/\/esmarats.com\/es\/producto\/vivid-freja\/#breadcrumb","itemListElement":[{"@type":"ListItem","position":1,"name":"Inici","item":"https:\/\/esmarats.com\/es\/"},{"@type":"ListItem","position":2,"name":"Tienda","item":"https:\/\/esmarats.com\/tienda\/"},{"@type":"ListItem","position":3,"name":"VIVID Freja"}]},{"@type":"WebSite","@id":"https:\/\/esmarats.com\/#website","url":"https:\/\/esmarats.com\/","name":"Esmarats Jewellery","description":"","potentialAction":[{"@type":"SearchAction","target":{"@type":"EntryPoint","urlTemplate":"https:\/\/esmarats.com\/?s={search_term_string}"},"query-input":{"@type":"PropertyValueSpecification","valueRequired":true,"valueName":"search_term_string"}}],"inLanguage":"es"}]}},"_links":{"self":[{"href":"https:\/\/esmarats.com\/es\/wp-json\/wp\/v2\/product\/1969","targetHints":{"allow":["GET"]}}],"collection":[{"href":"https:\/\/esmarats.com\/es\/wp-json\/wp\/v2\/product"}],"about":[{"href":"https:\/\/esmarats.com\/es\/wp-json\/wp\/v2\/types\/product"}],"wp:featuredmedia":[{"embeddable":true,"href":"https:\/\/esmarats.com\/es\/wp-json\/wp\/v2\/media\/1970"}],"wp:attachment":[{"href":"https:\/\/esmarats.com\/es\/wp-json\/wp\/v2\/media?parent=1969"}],"wp:term":[{"taxonomy":"product_brand","embeddable":true,"href":"https:\/\/esmarats.com\/es\/wp-json\/wp\/v2\/product_brand?post=1969"},{"taxonomy":"product_cat","embeddable":true,"href":"https:\/\/esmarats.com\/es\/wp-json\/wp\/v2\/product_cat?post=1969"}],"curies":[{"name":"wp","href":"https:\/\/api.w.org\/{rel}","templated":true}]}}